{"id":29,"date":"2017-11-28T00:11:20","date_gmt":"2017-11-27T21:11:20","guid":{"rendered":"http:\/\/www.elenka.com.tr\/?page_id=29"},"modified":"2018-07-12T12:29:58","modified_gmt":"2018-07-12T09:29:58","slug":"hizmetler","status":"publish","type":"page","link":"https:\/\/www.elenka.com.tr\/?page_id=29","title":{"rendered":"Hizmetler"},"content":{"rendered":"<p>Enerji Kalitesi \u00d6l\u00e7\u00fcm\u00fc ve Raporlanmas\u0131<\/p>\n<p>Enerji Et\u00fcd\u00fc<\/p>\n<p>Enerji Kimlik Belgesi<\/p>\n<p>Dan\u0131\u015fmanl\u0131k<\/p>\n","protected":false},"excerpt":{"rendered":"<p>Enerji Kalitesi \u00d6l\u00e7\u00fcm\u00fc ve Raporlanmas\u0131 Enerji Et\u00fcd\u00fc Enerji Kimlik Belgesi Dan\u0131\u015fmanl\u0131k<\/p>\n","protected":false},"author":1,"featured_media":0,"parent":0,"menu_order":0,"comment_status":"closed","ping_status":"closed","template":"","meta":{"footnotes":""},"class_list":["post-29","page","type-page","status-publish"],"_links":{"self":[{"href":"https:\/\/www.elenka.com.tr\/index.php?rest_route=\/wp\/v2\/pages\/29","targetHints":{"allow":["GET"]}}],"collection":[{"href":"https:\/\/www.elenka.com.tr\/index.php?rest_route=\/wp\/v2\/pages"}],"about":[{"href":"https:\/\/www.elenka.com.tr\/index.php?rest_route=\/wp\/v2\/types\/page"}],"author":[{"embeddable":true,"href":"https:\/\/www.elenka.com.tr\/index.php?rest_route=\/wp\/v2\/users\/1"}],"replies":[{"embeddable":true,"href":"https:\/\/www.elenka.com.tr\/index.php?rest_route=%2Fwp%2Fv2%2Fcomments&post=29"}],"version-history":[{"count":4,"href":"https:\/\/www.elenka.com.tr\/index.php?rest_route=\/wp\/v2\/pages\/29\/revisions"}],"predecessor-version":[{"id":122,"href":"https:\/\/www.elenka.com.tr\/index.php?rest_route=\/wp\/v2\/pages\/29\/revisions\/122"}],"wp:attachment":[{"href":"https:\/\/www.elenka.com.tr\/index.php?rest_route=%2Fwp%2Fv2%2Fmedia&parent=29"}],"curies":[{"name":"wp","href":"https:\/\/api.w.org\/{rel}","templated":true}]}}