{"id":31,"date":"2017-11-28T00:11:28","date_gmt":"2017-11-27T21:11:28","guid":{"rendered":"http:\/\/www.elenka.com.tr\/?page_id=31"},"modified":"2021-10-15T21:32:50","modified_gmt":"2021-10-15T18:32:50","slug":"iletisim","status":"publish","type":"page","link":"https:\/\/www.elenka.com.tr\/?page_id=31","title":{"rendered":"\u0130leti\u015fim"},"content":{"rendered":"<p><strong>Elenka M\u00fchendislik San. ve Tic. Ltd. \u015eti.<\/strong><\/p>\n<p>Cevizli Mah. Fatma \u00c7avu\u015f Sk. No:18A 34846 Maltepe \/ \u0130STANBUL<\/p>\n<p>Tel.: +90 216 399 88 02<\/p>\n<p>Web: <a href=\"https:\/\/www.elenka.com.tr\">www.elenka.com.tr<\/a><\/p>\n<p>E-mail: <a href=\"mailto:info@elenka.com.tr\">info@elenka.com.tr<\/a><\/p>\n","protected":false},"excerpt":{"rendered":"<p>Elenka M\u00fchendislik San. ve Tic. Ltd. \u015eti. Cevizli Mah. Fatma \u00c7avu\u015f Sk. No:18A 34846 Maltepe \/ \u0130STANBUL Tel.: +90 216 399 88 02 Web: www.elenka.com.tr E-mail: info@elenka.com.tr<\/p>\n","protected":false},"author":1,"featured_media":0,"parent":0,"menu_order":0,"comment_status":"closed","ping_status":"closed","template":"","meta":{"footnotes":""},"class_list":["post-31","page","type-page","status-publish"],"_links":{"self":[{"href":"https:\/\/www.elenka.com.tr\/index.php?rest_route=\/wp\/v2\/pages\/31","targetHints":{"allow":["GET"]}}],"collection":[{"href":"https:\/\/www.elenka.com.tr\/index.php?rest_route=\/wp\/v2\/pages"}],"about":[{"href":"https:\/\/www.elenka.com.tr\/index.php?rest_route=\/wp\/v2\/types\/page"}],"author":[{"embeddable":true,"href":"https:\/\/www.elenka.com.tr\/index.php?rest_route=\/wp\/v2\/users\/1"}],"replies":[{"embeddable":true,"href":"https:\/\/www.elenka.com.tr\/index.php?rest_route=%2Fwp%2Fv2%2Fcomments&post=31"}],"version-history":[{"count":8,"href":"https:\/\/www.elenka.com.tr\/index.php?rest_route=\/wp\/v2\/pages\/31\/revisions"}],"predecessor-version":[{"id":143,"href":"https:\/\/www.elenka.com.tr\/index.php?rest_route=\/wp\/v2\/pages\/31\/revisions\/143"}],"wp:attachment":[{"href":"https:\/\/www.elenka.com.tr\/index.php?rest_route=%2Fwp%2Fv2%2Fmedia&parent=31"}],"curies":[{"name":"wp","href":"https:\/\/api.w.org\/{rel}","templated":true}]}}