{"id":57,"date":"2017-11-29T23:58:01","date_gmt":"2017-11-29T20:58:01","guid":{"rendered":"http:\/\/www.elenka.com.tr\/?page_id=57"},"modified":"2026-03-22T22:59:20","modified_gmt":"2026-03-22T19:59:20","slug":"enerji-kalitesi","status":"publish","type":"page","link":"https:\/\/www.elenka.com.tr\/?page_id=57","title":{"rendered":"Enerji Kalitesi"},"content":{"rendered":"<p>Reaktif G\u00fc\u00e7 Kontrol R\u00f6lesi<\/p>\n<p>NH Sigortal\u0131 Y\u00fck Ay\u0131r\u0131c\u0131<\/p>\n<p>Kompanzasyon Kontakt\u00f6r\u00fc<\/p>\n<p>Trist\u00f6r Mod\u00fcl\u00fc<\/p>\n<p>Harmonik Filtre Reakt\u00f6r\u00fc<\/p>\n<p>Kondansat\u00f6r<\/p>\n<p>De\u015farj \u00dcnitesi<\/p>\n<p>\u015e\u00f6nt Reakt\u00f6r<\/p>\n<p>Ak\u0131m Trafosu<\/p>\n<p>A\u015f\u0131r\u0131 Gerilim Koruma Mod\u00fcl\u00fc<\/p>\n","protected":false},"excerpt":{"rendered":"<p>Reaktif G\u00fc\u00e7 Kontrol R\u00f6lesi NH Sigortal\u0131 Y\u00fck Ay\u0131r\u0131c\u0131 Kompanzasyon Kontakt\u00f6r\u00fc Trist\u00f6r Mod\u00fcl\u00fc Harmonik Filtre Reakt\u00f6r\u00fc Kondansat\u00f6r De\u015farj \u00dcnitesi \u015e\u00f6nt Reakt\u00f6r Ak\u0131m Trafosu A\u015f\u0131r\u0131 Gerilim Koruma Mod\u00fcl\u00fc<\/p>\n","protected":false},"author":1,"featured_media":0,"parent":27,"menu_order":0,"comment_status":"closed","ping_status":"closed","template":"","meta":{"footnotes":""},"class_list":["post-57","page","type-page","status-publish"],"_links":{"self":[{"href":"https:\/\/www.elenka.com.tr\/index.php?rest_route=\/wp\/v2\/pages\/57","targetHints":{"allow":["GET"]}}],"collection":[{"href":"https:\/\/www.elenka.com.tr\/index.php?rest_route=\/wp\/v2\/pages"}],"about":[{"href":"https:\/\/www.elenka.com.tr\/index.php?rest_route=\/wp\/v2\/types\/page"}],"author":[{"embeddable":true,"href":"https:\/\/www.elenka.com.tr\/index.php?rest_route=\/wp\/v2\/users\/1"}],"replies":[{"embeddable":true,"href":"https:\/\/www.elenka.com.tr\/index.php?rest_route=%2Fwp%2Fv2%2Fcomments&post=57"}],"version-history":[{"count":1,"href":"https:\/\/www.elenka.com.tr\/index.php?rest_route=\/wp\/v2\/pages\/57\/revisions"}],"predecessor-version":[{"id":58,"href":"https:\/\/www.elenka.com.tr\/index.php?rest_route=\/wp\/v2\/pages\/57\/revisions\/58"}],"up":[{"embeddable":true,"href":"https:\/\/www.elenka.com.tr\/index.php?rest_route=\/wp\/v2\/pages\/27"}],"wp:attachment":[{"href":"https:\/\/www.elenka.com.tr\/index.php?rest_route=%2Fwp%2Fv2%2Fmedia&parent=57"}],"curies":[{"name":"wp","href":"https:\/\/api.w.org\/{rel}","templated":true}]}}